{"id":9204,"date":"2023-11-22T22:38:04","date_gmt":"2023-11-22T21:38:06","guid":{"rendered":"https:\/\/164.92.128.162\/?post_type=product&#038;p=9204"},"modified":"2025-02-28T20:51:59","modified_gmt":"2025-02-28T19:51:59","slug":"lomos-de-bonito-del-norte-currimar-140g","status":"publish","type":"product","link":"https:\/\/ruralourbano.com\/gl\/producto\/lomos-de-bonito-del-norte-currimar-140g\/","title":{"rendered":"Lomos de bonito del norte Currimar 140g"},"content":{"rendered":"<p><strong>Descrici\u00f3n:<\/strong><\/p>\n<ul>\n<li><strong>Lomos de bonito del norte Currimar 140g<\/strong> \u00e9 unha conserva tradicional en aceite de oliva elaborada por<strong> Currimar Conservas<\/strong>.<\/li>\n<li><strong>Lombos de bonito do norte<\/strong> cortados a coitelo manualmente para obter perfectas talladas brancas.<\/li>\n<li>Envasados prietos dentro do tarro para facer que a s\u00faa maduraci\u00f3n, en aceite de oliva de primeira calidade, sexa lenta e extraer as\u00ed o seu exquisito sabor.<\/li>\n<li>Sen aditivos.<\/li>\n<\/ul>\n<p><strong>Ingredientes:<br \/>\n<\/strong><\/p>\n<ul>\n<li>Bonito do norte (Thunnus Alalunga), aceite de oliva, sal.<\/li>\n<\/ul>\n<p><strong>Al\u00e9rxenos:<\/strong><\/p>\n<ul>\n<li>Peixe e produtos a base pescado. Pode conter TRAZAS DE MOLUSCOS e GLUTE.<\/li>\n<\/ul>\n<div class=\"textboxes\">\n<div class=\"col_b\">\n<div class=\"textbox\">\n<div id=\"contenedor\" class=\"textarea unknown\"><strong>Informaci\u00f3n nutricional: <\/strong><\/div>\n<ul>\n<li class=\"textarea unknown\">Valores medios por 100g:\n<ul>\n<li class=\"textarea unknown\">Valor enerx\u00e9tico 973KJ\/233Kcal<\/li>\n<li class=\"textarea unknown\">Graxas &lt; 14g<\/li>\n<\/ul>\n<\/li>\n<li>Das cales:\n<ul>\n<li>\u00c1cidos graxos saturados &lt; 2,7g<\/li>\n<li>Hidratos de carbono 0,2g<\/li>\n<\/ul>\n<\/li>\n<li>Dos cales:\n<ul>\n<li>Azucres 0,10g<\/li>\n<li>Proteinas 25g<\/li>\n<li>Sae 0,5g<\/li>\n<\/ul>\n<\/li>\n<\/ul>\n<\/div>\n<\/div>\n<\/div>\n<p><strong>Suxesti\u00f3ns de combinaci\u00f3n:<\/strong><\/p>\n<ul>\n<li><a href=\"https:\/\/ruralourbano.com\/gl\/producto\/cerveza-artesana-aloumina-salgadina\/\"><strong>Cerveza artesana Aloumi\u00f1a Salgadi\u00f1a<\/strong><\/a><\/li>\n<li><strong><a href=\"https:\/\/ruralourbano.com\/gl\/producto\/ribada-seleccion-godello\/\">Ribada Selecci\u00f3n godello<\/a><\/strong><\/li>\n<li><a href=\"https:\/\/ruralourbano.com\/gl\/producto\/patatotas-bolsa-mini-44g\/\"><strong>Patatotas bolsa mini 44g<\/strong><\/a><\/li>\n<\/ul>\n<div><strong>Recomendaci\u00f3n:<\/strong><\/div>\n<ul>\n<li>Unha vez aberto o envase, manter refrixerado.<\/li>\n<\/ul>\n<p><strong>Conservaci\u00f3n:<\/strong><\/p>\n<ul>\n<li>6 anos a temperatura ambiente.<\/li>\n<\/ul>\n<p><strong>Suxesti\u00f3ns de preparaci\u00f3n:<\/strong><\/p>\n<ul>\n<li>Formando parte de ensaladas.<\/li>\n<li>Sobre tostas ou nun cl\u00e1sico bocadillo.<\/li>\n<li>En espetadas con tomates cereixa e, se \u00e9 do gusto, piparra.<\/li>\n<li>En salpicones.<\/li>\n<li>En pratos de pasta.<\/li>\n<\/ul>\n","protected":false},"excerpt":{"rendered":"<p><strong>Lomos de bonito del norte Currimar 140g<\/strong> \u00e9 un <strong>produto gourmet<\/strong> elaborado artesanalmente por <strong>Currimar Conservas<\/strong> en Xove (Concello de Xove, <strong>Lugo<\/strong>).<\/p>\n<p>Descobre o sabor do mar Cant\u00e1brico que ba\u00f1a a costa de <strong>Lugo<\/strong> con esta <strong>conserva de lombos de bonito do norte<\/strong>, onde a calidade e a tradici\u00f3n converxen para levar \u00e1 t\u00faa mesa unha <strong>experiencia gastron\u00f3mica<\/strong> incomparable.<\/p>\n<p><strong>Lombos de bonito do norte<\/strong> cortados a coitelo manualmente para obter perfectas talladas brancas.<\/p>\n<p><strong>Currimar Conservas<\/strong> nace como unha iniciativa feminina de mulleres pertencentes \u00e1 costa de <strong>Lugo<\/strong> (Xove, A Mari\u00f1a lucense) que aprenderon a elaborar conserva de maneira totalmente tradicional a trav\u00e9s da xente do seu propio territorio.<\/p>\n<p>Materia prima de primeira calidade para obter \u201csabores como os de antes\u201d.<\/p>\n<p><strong>Sen aditivos. <\/strong><\/p>\n<p><strong>Peso neto 140g.<\/strong><\/p>\n<p><strong>Produto gastron\u00f3mico gourmet de Lugo.<\/strong><\/p>\n<p>Descobre o <a href=\"https:\/\/ruralourbano.com\/gl\/producto\/mini-capackzo-sol-y-sal-gourmet\/\"><strong>Capackzo Sol y Sal Gourmet<\/strong><\/a>.<\/p>\n<p><strong>Env\u00edos s\u00f3 a pen\u00ednsula | Compra produto gourmet galego seleccionado e lifestyle exclusivo<\/strong><\/p>\n","protected":false},"featured_media":9207,"comment_status":"open","ping_status":"closed","template":"","meta":{"inline_featured_image":false},"product_brand":[],"product_cat":[201],"product_tag":[811,791,632,773,1105],"class_list":{"0":"post-9204","1":"product","2":"type-product","3":"status-publish","4":"has-post-thumbnail","6":"product_cat-tentempies","7":"product_tag-currimar-conservas-gl","8":"product_tag-experiencia-gastronomica-gl","9":"product_tag-gourmet-gl","10":"product_tag-lugo-gl","11":"product_tag-producto-gourmet-gallego-gl","13":"first","14":"instock","15":"taxable","16":"shipping-taxable","17":"purchasable","18":"product-type-simple"},"_links":{"self":[{"href":"https:\/\/ruralourbano.com\/gl\/wp-json\/wp\/v2\/product\/9204","targetHints":{"allow":["GET"]}}],"collection":[{"href":"https:\/\/ruralourbano.com\/gl\/wp-json\/wp\/v2\/product"}],"about":[{"href":"https:\/\/ruralourbano.com\/gl\/wp-json\/wp\/v2\/types\/product"}],"replies":[{"embeddable":true,"href":"https:\/\/ruralourbano.com\/gl\/wp-json\/wp\/v2\/comments?post=9204"}],"wp:featuredmedia":[{"embeddable":true,"href":"https:\/\/ruralourbano.com\/gl\/wp-json\/wp\/v2\/media\/9207"}],"wp:attachment":[{"href":"https:\/\/ruralourbano.com\/gl\/wp-json\/wp\/v2\/media?parent=9204"}],"wp:term":[{"taxonomy":"product_brand","embeddable":true,"href":"https:\/\/ruralourbano.com\/gl\/wp-json\/wp\/v2\/product_brand?post=9204"},{"taxonomy":"product_cat","embeddable":true,"href":"https:\/\/ruralourbano.com\/gl\/wp-json\/wp\/v2\/product_cat?post=9204"},{"taxonomy":"product_tag","embeddable":true,"href":"https:\/\/ruralourbano.com\/gl\/wp-json\/wp\/v2\/product_tag?post=9204"}],"curies":[{"name":"wp","href":"https:\/\/api.w.org\/{rel}","templated":true}]}}