{"id":9213,"date":"2023-11-22T23:45:25","date_gmt":"2023-11-22T22:45:25","guid":{"rendered":"https:\/\/164.92.128.162\/?post_type=product&#038;p=9213"},"modified":"2026-01-29T21:48:20","modified_gmt":"2026-01-29T20:48:20","slug":"pulpo-en-aceite-de-oliva-virgen-extra-currimar-100g","status":"publish","type":"product","link":"https:\/\/ruralourbano.com\/gl\/producto\/pulpo-en-aceite-de-oliva-virgen-extra-currimar-100g\/","title":{"rendered":"Pulpo en aceite de oliva virgen extra Currimar 100g"},"content":{"rendered":"<p><strong>Descrici\u00f3n:<\/strong><\/p>\n<ul>\n<li><strong>Pulpo en aceite de oliva virgen extra Currimar 100g<\/strong> \u00e9 unha <strong>conserva tradicional<\/strong> elaborada por <strong>Currimar Conservas<\/strong>.<\/li>\n<li>\u00c9 a calidade da materia prima do <strong>polbo<\/strong> <strong>Currimar Conservas<\/strong> e a forma na que se corta e coci\u00f1a, o que lle outorga ese sabor \u00fanico tan similar \u00e1 do <strong>polbo<\/strong> fresco recentemente coci\u00f1ado.<\/li>\n<li>Ba\u00f1ado nun excelente aceite de oliva virxe extra, resulta un bocado inesquecible.<\/li>\n<li>Sen aditivos.<\/li>\n<li>Sen sal engadido.<\/li>\n<\/ul>\n<p><strong>Ingredientes:<br \/>\n<\/strong><\/p>\n<ul>\n<li><strong>Polbo<\/strong> (Octopus vulgaris), aceite de oliva virxe extra.<\/li>\n<\/ul>\n<p><strong>Al\u00e9rxenos:<\/strong><\/p>\n<ul>\n<li>Moluscos e produtos a base molusco. Pode conter TRAZAS DE PEIXE e e GLUTE.<\/li>\n<\/ul>\n<div class=\"textboxes\">\n<div class=\"col_b\">\n<div class=\"textbox\">\n<div id=\"contenedor\" class=\"textarea unknown\"><strong>Informaci\u00f3n nutricional: <\/strong><\/div>\n<ul>\n<li class=\"textarea unknown\">Valores medios por 100g:\n<ul>\n<li class=\"textarea unknown\">Valor enerx\u00e9tico 614KJ\/141,1Kcal<\/li>\n<li class=\"textarea unknown\">Graxas &lt; 8,7g<\/li>\n<\/ul>\n<\/li>\n<li>Das cales:\n<ul>\n<li>\u00c1cidos graxos saturados &lt; 0,83g<\/li>\n<li>Hidratos de carbono 1g<\/li>\n<\/ul>\n<\/li>\n<li>Dos cales:\n<ul>\n<li>Azucres 0,73g<\/li>\n<li>Proteinas 16,20g<\/li>\n<li>Sae 1,29g<\/li>\n<\/ul>\n<\/li>\n<\/ul>\n<\/div>\n<\/div>\n<\/div>\n<div><strong>Recomendaci\u00f3n:<\/strong><\/div>\n<ul>\n<li>Unha vez aberto o envase de conserva, manter refrixerado.<\/li>\n<\/ul>\n<p><strong>Conservaci\u00f3n:<\/strong><\/p>\n<ul>\n<li>5 anos a temperatura ambiente.<\/li>\n<\/ul>\n<p><strong>Suxesti\u00f3ns de preparaci\u00f3n:<\/strong><\/p>\n<ul>\n<li>Se se acompa\u00f1a de pataca fervida, uns grans de sal e un lixeiro espolvoreado de pemento, gozar\u00e1s do \u201c<strong>polbo<\/strong> a feira\u201d, un dos piares da gastronom\u00eda galega.<\/li>\n<li>Tam\u00e9n \u00e9 perfecto formando parte dun salpic\u00f3n.<\/li>\n<\/ul>\n","protected":false},"excerpt":{"rendered":"<p><strong>Pulpo en aceite de oliva virgen extra Currimar 100g<\/strong> \u00e9 un <strong>produto gourmet<\/strong> elaborado artesanalmente por <strong>Currimar Conservas<\/strong> en Xove (Concello de Xove, <strong>Lugo<\/strong>).<\/p>\n<p>Descobre o sabor do mar cant\u00e1brico que ba\u00f1a a costa de <strong>Lugo<\/strong> con esta<strong>\u00a0conserva de polbo<\/strong>, onde a calidade e a tradici\u00f3n converxen para levar \u00e1 t\u00faa mesa unha\u00a0<strong>experiencia gastron\u00f3mica<\/strong>\u00a0incomparable.<\/p>\n<p>\u00c9 a calidade da materia prima do <strong>polbo<\/strong> de <strong>Currimar Conservas<\/strong> e a forma na que se corta e coci\u00f1a, o que lle outorga ese sabor \u00fanico tan similar \u00e1 do <strong>polbo<\/strong> fresco recentemente coci\u00f1ado.<\/p>\n<p>Ba\u00f1ado nun excelente aceite de oliva virxe extras, resulta un bocado inesquecible.<\/p>\n<p><strong>Currimar Conservas<\/strong> nace como unha iniciativa feminina de mulleres pertencentes \u00e1 costa de <strong>Lugo<\/strong> (Xove, A Mari\u00f1a lucense) que aprenderon a elaborar conserva de maneira totalmente tradicional a trav\u00e9s da xente do seu propio territorio.<\/p>\n<p><strong>Currimar Conservas<\/strong> coida o ecosistema elixindo polbos de boa talla, evitando conscientemente polbos pequenos; o <strong>polbo<\/strong> de bo tama\u00f1o ten mellor sabor e textura ao alimentarse durante m\u00e1is tempo de marisco, que \u00e9 a s\u00faa dieta. Os seus toros col\u00f3canse minuciosamente dentro do bote de cristal e r\u00e9ganse con aceite de oliva virxe extra de primeira calidade, dourado e afrutado.<\/p>\n<p>Materia prima de primeira calidade para obter \u201csabores como os de antes\u201d.<\/p>\n<p><strong>Sen aditivos. Sen sal engadido. <\/strong><\/p>\n<p><strong>Peso neto 100g.<\/strong><\/p>\n<p><strong>Produto gastron\u00f3mico gourmet de Lugo.<\/strong><\/p>\n<p>Descobre os <a href=\"https:\/\/ruralourbano.com\/gl\/producto\/lomos-de-bonito-del-norte-currimar-140g\/\"><strong>Lomos de bonito del norte Currimar 140g<\/strong><\/a>.<\/p>\n<p><strong>Env\u00edos s\u00f3 a pen\u00ednsula | Compra produto gourmet galego seleccionado e lifestyle exclusivo<\/strong><\/p>\n","protected":false},"featured_media":9223,"comment_status":"open","ping_status":"closed","template":"","meta":{"inline_featured_image":false},"product_brand":[],"product_cat":[201],"product_tag":[1063,811,791,632,773,1105],"class_list":{"0":"post-9213","1":"product","2":"type-product","3":"status-publish","4":"has-post-thumbnail","6":"product_cat-tentempies","7":"product_tag-conserva-tradicional-gl","8":"product_tag-currimar-conservas-gl","9":"product_tag-experiencia-gastronomica-gl","10":"product_tag-gourmet-gl","11":"product_tag-lugo-gl","12":"product_tag-producto-gourmet-gallego-gl","14":"first","15":"instock","16":"taxable","17":"shipping-taxable","18":"purchasable","19":"product-type-simple"},"_links":{"self":[{"href":"https:\/\/ruralourbano.com\/gl\/wp-json\/wp\/v2\/product\/9213","targetHints":{"allow":["GET"]}}],"collection":[{"href":"https:\/\/ruralourbano.com\/gl\/wp-json\/wp\/v2\/product"}],"about":[{"href":"https:\/\/ruralourbano.com\/gl\/wp-json\/wp\/v2\/types\/product"}],"replies":[{"embeddable":true,"href":"https:\/\/ruralourbano.com\/gl\/wp-json\/wp\/v2\/comments?post=9213"}],"wp:featuredmedia":[{"embeddable":true,"href":"https:\/\/ruralourbano.com\/gl\/wp-json\/wp\/v2\/media\/9223"}],"wp:attachment":[{"href":"https:\/\/ruralourbano.com\/gl\/wp-json\/wp\/v2\/media?parent=9213"}],"wp:term":[{"taxonomy":"product_brand","embeddable":true,"href":"https:\/\/ruralourbano.com\/gl\/wp-json\/wp\/v2\/product_brand?post=9213"},{"taxonomy":"product_cat","embeddable":true,"href":"https:\/\/ruralourbano.com\/gl\/wp-json\/wp\/v2\/product_cat?post=9213"},{"taxonomy":"product_tag","embeddable":true,"href":"https:\/\/ruralourbano.com\/gl\/wp-json\/wp\/v2\/product_tag?post=9213"}],"curies":[{"name":"wp","href":"https:\/\/api.w.org\/{rel}","templated":true}]}}