{"id":9934,"date":"2024-02-08T18:09:47","date_gmt":"2024-02-08T17:09:47","guid":{"rendered":"https:\/\/164.92.128.162\/?post_type=product&#038;p=9934"},"modified":"2026-01-26T20:58:09","modified_gmt":"2026-01-26T19:58:09","slug":"crema-de-cafe-el-riba","status":"publish","type":"product","link":"https:\/\/ruralourbano.com\/gl\/producto\/crema-de-cafe-el-riba\/","title":{"rendered":"Crema de caf\u00e9 El Riba"},"content":{"rendered":"<p><a href=\"https:\/\/ruralourbano.com\/gl\/productores\/vermouth-gl\/vermouth-el-riba\/\"><strong>El Riba<\/strong><\/a> nace da man de Emilio Mart\u00ednez, propietario do famoso local de restauraci\u00f3n lucense que leva o mesmo nome que esta bebida, <a href=\"https:\/\/ruralourbano.com\/gl\/productores\/vermouth-gl\/vermouth-el-riba\/\"><strong>El Riba<\/strong><\/a> (localizado en Praza do Campo, 12 en pleno centro hist\u00f3rico da cidade de <strong>Lugo<\/strong>).<\/p>\n<p><strong>Composici\u00f3n:<\/strong><\/p>\n<ul>\n<li>Elaborada con orujo e unha <strong>base l\u00e1ctea<\/strong> perfectamente mesturada con caf\u00e9, intensidade pronunciada.<\/li>\n<\/ul>\n<p><strong>Nota de cata:<\/strong><\/p>\n<ul>\n<li>Suave, aveludada e exquisita <strong>crema de caf\u00e9<\/strong> cun elegante e delicioso toque a toffee.<\/li>\n<\/ul>\n<p><strong>Suxesti\u00f3ns de combinaci\u00f3n:<\/strong><\/p>\n<ul>\n<li><a href=\"https:\/\/ruralourbano.com\/gl\/producto\/galletas-xianas-originales\"><strong>Galletas Xianas Originales\u00a0<\/strong><\/a><\/li>\n<li><a href=\"https:\/\/ruralourbano.com\/gl\/producto\/galletas-xianas-de-cafe\/\"><strong>Galletas Xianas de caf\u00e9<\/strong><\/a><\/li>\n<li><a href=\"https:\/\/ruralourbano.com\/gl\/producto\/alouminos-xianas\/\"><strong>Aloumi\u00f1os Xianas 160g<\/strong><\/a><\/li>\n<\/ul>\n<p><strong>Recomendaci\u00f3n:<\/strong><\/p>\n<ul>\n<li>Servir a<strong> crema de caf\u00e9<\/strong> entre 2\u00baC e 6\u00baC.<\/li>\n<li>Ideal servir con 2-3 pedras de xeo.<\/li>\n<\/ul>\n","protected":false},"excerpt":{"rendered":"<p>Goza do sabor \u00fanico da <strong>Crema de caf\u00e9 El Riba<\/strong>, un delicioso elixir artesanal destilado con paix\u00f3n da man do <a href=\"https:\/\/ruralourbano.com\/gl\/productores\/vermouth-gl\/vermouth-el-riba\/\"><strong>El Riba<\/strong><\/a>.<\/p>\n<p>Cada sorbo desta <strong>Crema de caf\u00e9 El Riba<\/strong> \u00e9 a mestura perfecta entre o aroma do caf\u00e9 e a textura aveludada da crema.<\/p>\n<p>Ideal para gozar despois dunha comida, en sobremesas especiais ou para regalar a algu\u00e9n que aprecia os licores modernos con car\u00e1cter tradicional.<\/p>\n<p>Botella de cristal con tap\u00f3n de cortiza (75cl \/ ALC 15% 100 VOL).<\/p>\n<p><strong>Produto gastron\u00f3mico gourmet de Lugo.<\/strong><\/p>\n<p>Comb\u00ednaa co <a href=\"https:\/\/ruralourbano.com\/gl\/producto\/capackzo-xianas-gourmet\/\"><strong>Capackzo Xianas Gourmet<\/strong><\/a> e goza dunha xenu\u00edna <strong>experiencia gourmet<\/strong>.<\/p>\n<p><strong>Env\u00edos s\u00f3 a pen\u00ednsula | Compra produto gourmet galego seleccionado e lifestyle exclusivo<\/strong><\/p>\n","protected":false},"featured_media":12616,"comment_status":"open","ping_status":"closed","template":"","meta":{"inline_featured_image":false},"product_brand":[],"product_cat":[200],"product_tag":[943,744,1091,632,773,1105],"class_list":{"0":"post-9934","1":"product","2":"type-product","3":"status-publish","4":"has-post-thumbnail","6":"product_cat-adega","7":"product_tag-crema-de-cafe-gl","8":"product_tag-el-riba-gl","9":"product_tag-experiencia-gourmet-gl","10":"product_tag-gourmet-gl","11":"product_tag-lugo-gl","12":"product_tag-producto-gourmet-gallego-gl","14":"first","15":"instock","16":"taxable","17":"shipping-taxable","18":"purchasable","19":"product-type-simple"},"_links":{"self":[{"href":"https:\/\/ruralourbano.com\/gl\/wp-json\/wp\/v2\/product\/9934","targetHints":{"allow":["GET"]}}],"collection":[{"href":"https:\/\/ruralourbano.com\/gl\/wp-json\/wp\/v2\/product"}],"about":[{"href":"https:\/\/ruralourbano.com\/gl\/wp-json\/wp\/v2\/types\/product"}],"replies":[{"embeddable":true,"href":"https:\/\/ruralourbano.com\/gl\/wp-json\/wp\/v2\/comments?post=9934"}],"wp:featuredmedia":[{"embeddable":true,"href":"https:\/\/ruralourbano.com\/gl\/wp-json\/wp\/v2\/media\/12616"}],"wp:attachment":[{"href":"https:\/\/ruralourbano.com\/gl\/wp-json\/wp\/v2\/media?parent=9934"}],"wp:term":[{"taxonomy":"product_brand","embeddable":true,"href":"https:\/\/ruralourbano.com\/gl\/wp-json\/wp\/v2\/product_brand?post=9934"},{"taxonomy":"product_cat","embeddable":true,"href":"https:\/\/ruralourbano.com\/gl\/wp-json\/wp\/v2\/product_cat?post=9934"},{"taxonomy":"product_tag","embeddable":true,"href":"https:\/\/ruralourbano.com\/gl\/wp-json\/wp\/v2\/product_tag?post=9934"}],"curies":[{"name":"wp","href":"https:\/\/api.w.org\/{rel}","templated":true}]}}