{"id":9967,"date":"2024-02-20T17:54:01","date_gmt":"2024-02-20T16:54:04","guid":{"rendered":"https:\/\/164.92.128.162\/?post_type=product&#038;p=9967"},"modified":"2025-02-26T00:36:40","modified_gmt":"2025-02-25T23:36:40","slug":"suadoiro-clasico-rural-o-urbano-cor-gris","status":"publish","type":"product","link":"https:\/\/ruralourbano.com\/gl\/producto\/suadoiro-clasico-rural-o-urbano-cor-gris\/","title":{"rendered":"Suadoiro cl\u00e1sico Rural o Urbano cor gris"},"content":{"rendered":"<p><strong>Descrici\u00f3n: <\/strong><\/p>\n<ul>\n<li><strong>Suadoiro cl\u00e1sico Rural o Urbano<\/strong> \u00e9 unisex.<\/li>\n<li>Suadoiro en cor gris con carapucha e peto estilo canguro.<\/li>\n<li>Suadoiro con serigraf\u00eda: eslogan <strong>&#8220;Ser rural es actual&#8221;<\/strong> en castel\u00e1n e coraz\u00f3n logo <strong>Rural o Urbano<\/strong> en cor verde escuro.<\/li>\n<li>Interior felpado, c\u00e1lido e abrigado.<\/li>\n<li>Dese\u00f1o casual e elegante.<\/li>\n<li>Moi confortable e ideal para os d\u00edas m\u00e1is frios do ano.<\/li>\n<\/ul>\n<p><strong>Medidas:<\/strong><\/p>\n<ul>\n<li>S \u2013 M \u2013 L<br \/>\nAncho ombreiros talla S: 47cm<br \/>\nAncho ombreiros talla M: 49cm<br \/>\nAncho ombreiros talla L: 54cm<\/li>\n<\/ul>\n<p><strong>Cor: <\/strong><\/p>\n<ul>\n<li>Gris<\/li>\n<li>Eslogan e logo en cor verde escuro<\/li>\n<\/ul>\n<p><strong>Composici\u00f3n: <\/strong><\/p>\n<ul>\n<li>50% algod\u00f3n. 50% Poliester<\/li>\n<\/ul>\n<p><strong>Coidados: <\/strong><\/p>\n<ul>\n<li>Lavar a m\u00e1quina m\u00e1ximo 40\u00baC<\/li>\n<li>Non usar lixivia<\/li>\n<li>Non usar secadora<\/li>\n<li>Recomendamos non pasar o ferro<\/li>\n<li>Non lavar en seco<\/li>\n<li>Lavar xunto a cores similares<\/li>\n<li>Recomendamos lavar do rev\u00e9s<\/li>\n<\/ul>\n","protected":false},"excerpt":{"rendered":"<p>O <strong>Suadoiro cl\u00e1sico Rural o Urbano<\/strong> \u00e9 un b\u00e1sico para calquera \u00e9poca do ano!<\/p>\n<p>Tena sempre a man. \u00dasaa nas t\u00faas escapadas, l\u00e9vaa no coche, pona para practicar deporte ou abr\u00edgate con ela baixo \u00e1s estrelas cando as temperaturas descendan.<\/p>\n<p><strong>Suadoiro canguro<\/strong> con carapucha e peto frontal.<\/p>\n<p>Bota unha ollada ao resto de produtos de <a href=\"https:\/\/ruralourbano.com\/gl\/cat\/lifestyle\/\"><strong>Rural o Urbano lifestyle<\/strong><\/a>.<\/p>\n<p><strong>Env\u00edos s\u00f3 a pen\u00ednsula | Merca produto gourmet galego seleccionado e lifestyle exclusivo<\/strong><\/p>\n","protected":false},"featured_media":9976,"comment_status":"open","ping_status":"closed","template":"","meta":{"inline_featured_image":false},"product_brand":[],"product_cat":[158],"product_tag":[953,960,959,958],"class_list":{"0":"post-9967","1":"product","2":"type-product","3":"status-publish","4":"has-post-thumbnail","6":"product_cat-lifestyle","7":"product_tag-ser-rural-es-actual-gl","8":"product_tag-sudadera-gl","9":"product_tag-sudadera-canguro-gl","10":"product_tag-sudadera-rural-o-urbano-gl","12":"first","13":"instock","14":"taxable","15":"shipping-taxable","16":"purchasable","17":"product-type-variable"},"_links":{"self":[{"href":"https:\/\/ruralourbano.com\/gl\/wp-json\/wp\/v2\/product\/9967","targetHints":{"allow":["GET"]}}],"collection":[{"href":"https:\/\/ruralourbano.com\/gl\/wp-json\/wp\/v2\/product"}],"about":[{"href":"https:\/\/ruralourbano.com\/gl\/wp-json\/wp\/v2\/types\/product"}],"replies":[{"embeddable":true,"href":"https:\/\/ruralourbano.com\/gl\/wp-json\/wp\/v2\/comments?post=9967"}],"wp:featuredmedia":[{"embeddable":true,"href":"https:\/\/ruralourbano.com\/gl\/wp-json\/wp\/v2\/media\/9976"}],"wp:attachment":[{"href":"https:\/\/ruralourbano.com\/gl\/wp-json\/wp\/v2\/media?parent=9967"}],"wp:term":[{"taxonomy":"product_brand","embeddable":true,"href":"https:\/\/ruralourbano.com\/gl\/wp-json\/wp\/v2\/product_brand?post=9967"},{"taxonomy":"product_cat","embeddable":true,"href":"https:\/\/ruralourbano.com\/gl\/wp-json\/wp\/v2\/product_cat?post=9967"},{"taxonomy":"product_tag","embeddable":true,"href":"https:\/\/ruralourbano.com\/gl\/wp-json\/wp\/v2\/product_tag?post=9967"}],"curies":[{"name":"wp","href":"https:\/\/api.w.org\/{rel}","templated":true}]}}